{"id":557,"date":"2025-11-11T04:22:25","date_gmt":"2025-11-11T04:22:25","guid":{"rendered":"https:\/\/www.coopcomin.org\/shop\/?post_type=product&#038;p=557"},"modified":"2026-01-15T22:54:42","modified_gmt":"2026-01-15T22:54:42","slug":"uffa-che-barba","status":"publish","type":"product","link":"https:\/\/www.coopcomin.org\/shop\/prodotto\/uffa-che-barba\/","title":{"rendered":"Uffa che barba!"},"content":{"rendered":"<p data-start=\"134\" data-end=\"241\"><strong data-start=\"134\" data-end=\"174\">Special Box \u2013 <em data-start=\"150\" data-end=\"172\">Il diritto alla noia<\/em><\/strong><br data-start=\"174\" data-end=\"177\" \/><strong data-start=\"177\" data-end=\"241\">Per riscoprire il piacere di fermarsi, assaporare e giocare.<\/strong><\/p>\n<p data-start=\"243\" data-end=\"500\">Questa box celebra la lentezza, il tempo libero consapevole e la curiosit\u00e0: prodotti genuini da gustare con calma e un gioco in legno per allenare mente e mani. Un invito a ritrovare il piacere semplice delle piccole cose, lontano dalla frenesia quotidiana.<\/p>\n<hr data-start=\"502\" data-end=\"505\" \/>\n<h3 data-start=\"507\" data-end=\"542\"><strong data-start=\"511\" data-end=\"540\">Brut \u2013 Cascina Clarabella<\/strong><\/h3>\n<p data-start=\"543\" data-end=\"821\">Una bollicina elegante e raffinata, prodotta con passione e cura artigianale. Perfetta da degustare con amici o da sorseggiare nei momenti di relax, il Brut di Cascina Clarabella racconta il territorio e l\u2019impegno di chi mette qualit\u00e0 e rispetto per la natura in ogni bottiglia.<\/p>\n<hr data-start=\"823\" data-end=\"826\" \/>\n<h3 data-start=\"828\" data-end=\"867\"><strong data-start=\"832\" data-end=\"865\">Lenticchie verdi \u2013 Valdibella<\/strong><\/h3>\n<p data-start=\"868\" data-end=\"1191\">Lenticchie coltivate con metodi sostenibili, rispettando i cicli naturali e la fertilit\u00e0 della terra. Ricche di sapore e genuinit\u00e0, ideali per zuppe, contorni o piatti creativi. Ogni boccone \u00e8 un incontro tra tradizione agricola e valori etici, simbolo della filosofia di Valdibella che mette <strong data-start=\"1161\" data-end=\"1190\">terra e persone al centro<\/strong>.<\/p>\n<hr data-start=\"1193\" data-end=\"1196\" \/>\n<h3 data-start=\"1198\" data-end=\"1226\"><strong data-start=\"1202\" data-end=\"1224\">Rompicapo in legno<\/strong><\/h3>\n<p data-start=\"1227\" data-end=\"1442\">Un piccolo gioco di logica e pazienza, perfetto per allenare la mente o per condividere un momento di divertimento lento e creativo. Semplice, elegante e durevole, come il piacere di prendersi una pausa consapevole.<\/p>\n<p data-start=\"1227\" data-end=\"1442\"><strong data-start=\"129\" data-end=\"161\">Perch\u00e9 questa box \u00e8 speciale<\/strong><br data-start=\"161\" data-end=\"164\" \/>Con \u201cDiritto alla noia\u201d porti a casa un\u2019esperienza completa: sapori autentici, prodotti artigianali e un momento di gioco e riflessione. Il Brut di <strong data-start=\"312\" data-end=\"334\">Cascina Clarabella<\/strong> racconta la passione per la viticoltura sostenibile e il legame con il territorio, mentre le lenticchie verdi di <strong data-start=\"448\" data-end=\"462\">Valdibella<\/strong> nascono da coltivazioni rispettose della terra e da un progetto sociale che offre opportunit\u00e0 di lavoro a giovani, agricoltori locali e persone in percorsi di reinserimento. Un regalo che invita a rallentare, assaporare e riscoprire il valore del tempo, sostenendo modelli di produzione etici e comunitari.<\/p>\n","protected":false},"excerpt":{"rendered":"<h3>Special box per il diritto alla noia<\/h3>\n<ul>\n<li>Brut 0.75 lt Franciacorta DOCG.<br \/>\n<strong>CLARABELLA<\/strong><\/li>\n<li>Lenticchie verdi mignon 500 gr.<br \/>\n<strong>VALDIBELLA<\/strong><\/li>\n<li>Gioco rompicapo in legno con sacchetto in cotone.<\/li>\n<\/ul>\n","protected":false},"featured_media":552,"template":"","meta":{"_et_pb_use_builder":"","_et_pb_old_content":"","_et_gb_content_width":""},"product_brand":[],"product_cat":[44],"product_tag":[],"class_list":{"0":"post-557","1":"product","2":"type-product","3":"status-publish","4":"has-post-thumbnail","6":"product_cat-regali-solidali-2025","8":"first","9":"instock","10":"sale","11":"featured","12":"shipping-taxable","13":"purchasable","14":"product-type-simple"},"_links":{"self":[{"href":"https:\/\/www.coopcomin.org\/shop\/wp-json\/wp\/v2\/product\/557","targetHints":{"allow":["GET"]}}],"collection":[{"href":"https:\/\/www.coopcomin.org\/shop\/wp-json\/wp\/v2\/product"}],"about":[{"href":"https:\/\/www.coopcomin.org\/shop\/wp-json\/wp\/v2\/types\/product"}],"wp:featuredmedia":[{"embeddable":true,"href":"https:\/\/www.coopcomin.org\/shop\/wp-json\/wp\/v2\/media\/552"}],"wp:attachment":[{"href":"https:\/\/www.coopcomin.org\/shop\/wp-json\/wp\/v2\/media?parent=557"}],"wp:term":[{"taxonomy":"product_brand","embeddable":true,"href":"https:\/\/www.coopcomin.org\/shop\/wp-json\/wp\/v2\/product_brand?post=557"},{"taxonomy":"product_cat","embeddable":true,"href":"https:\/\/www.coopcomin.org\/shop\/wp-json\/wp\/v2\/product_cat?post=557"},{"taxonomy":"product_tag","embeddable":true,"href":"https:\/\/www.coopcomin.org\/shop\/wp-json\/wp\/v2\/product_tag?post=557"}],"curies":[{"name":"wp","href":"https:\/\/api.w.org\/{rel}","templated":true}]}}