{"id":574,"date":"2025-11-10T17:18:38","date_gmt":"2025-11-10T17:18:38","guid":{"rendered":"https:\/\/www.coopcomin.org\/shop\/?post_type=product&#038;p=574"},"modified":"2026-01-20T09:34:54","modified_gmt":"2026-01-20T09:34:54","slug":"franciacorta-docg-bio-brut-clarabella","status":"publish","type":"product","link":"https:\/\/www.coopcomin.org\/shop\/prodotto\/franciacorta-docg-bio-brut-clarabella\/","title":{"rendered":"FRANCIACORTA DOCG BIO BRUT CLARABELLA"},"content":{"rendered":"<p><b>Spumante FRANCIACORTA DOCG BIO BRUT &#8211; Cascina Clarabella<\/b><br \/>\nFesteggia le Feste con l&#8217;eccellenza, la sostenibilit\u00e0 e il valore sociale. Regala un brindisi che fa bene due volte!<\/p>\n<p><b>Eleganza Biologica dalla Franciacorta<br \/>\n<\/b>Il Franciacorta DOCG BIO Brut di Cascina Clarabella rappresenta un&#8217;espressione raffinata e sostenibile del territorio.<br \/>\nUve: 80% Chardonnay e 20% Pinot Nero.<br \/>\nFermentato in acciaio inox per l\u201985% e per il 15% in barrique. Il tiraggio avviene la primavera successiva alla vendemmia.<br \/>\nDopo un periodo di affinamento a contatto con i lieviti dai 20 ai 30 mesi, viene fatta la sboccatura.<\/p>\n<p><b>Note di Degustazione<\/b><br \/>\nPerlage: fine, elegante e persistente.<br \/>\nProfumo: un bouquet intenso dove spiccano la frutta tropicale e l&#8217;agrume, arricchite da delicate note di tostato e pietra focaia.<br \/>\nGusto: fresco, vibrante ed equilibrato, caratterizzato da una piacevole mineralit\u00e0 e lunga persistenza.<br \/>\nAbbinamenti: perfetto come aperitivo, si sposa magnificamente con primi piatti leggeri e secondi non troppo elaborati.<br \/>\nCertificazione: biologico certificato. Un sorso di natura e rispetto per l&#8217;ambiente!<\/p>\n<p><b>Cascina Clarabella: un progetto di eccellenza e inclusione<br \/>\n<\/b>Scegliendo una bottiglia di Cascina Clarabella, non acquisti solo un grande vino, ma sostieni un progetto di valore sociale unico.<br \/>\nCascina Clarabella \u00e8 una Societ\u00e0 Cooperativa Sociale che unisce l&#8217;alta qualit\u00e0 della produzione agricola all&#8217;impegno etico per l&#8217;inclusione.<br \/>\nNata dalla volont\u00e0 di offrire nuove opportunit\u00e0, la cooperativa opera per l&#8217;inserimento lavorativo e sociale di persone che affrontano il disagio psichico.<br \/>\nIl lavoro in vigna e in cantina, cos\u00ec come nelle altre attivit\u00e0 della cooperativa, diventa un potente strumento di riabilitazione, dignit\u00e0 e reinserimento nella comunit\u00e0.<br \/>\nOgni bottiglia racconta una storia di cura, dedizione e rinascita. La qualit\u00e0 del vino \u00e8 il riflesso della cura che la cooperativa dedica sia alla terra che alle persone.<br \/>\nAcquistando questo Franciacorta, offri un brindisi alla gioia delle Feste e al futuro delle persone.<\/p>\n<p>&nbsp;<\/p>\n","protected":false},"excerpt":{"rendered":"<p>franciacorta<\/p>\n<p>vino spumante metodo classico<\/p>\n<p>0,75l<\/p>\n","protected":false},"featured_media":575,"template":"","meta":{"_et_pb_use_builder":"","_et_pb_old_content":"","_et_gb_content_width":""},"product_brand":[],"product_cat":[44],"product_tag":[46,45,35],"class_list":{"0":"post-574","1":"product","2":"type-product","3":"status-publish","4":"has-post-thumbnail","6":"product_cat-regali-solidali-2025","7":"product_tag-bollicine","8":"product_tag-natale-2025","9":"product_tag-regali-solidali","11":"first","12":"outofstock","13":"shipping-taxable","14":"purchasable","15":"product-type-simple"},"_links":{"self":[{"href":"https:\/\/www.coopcomin.org\/shop\/wp-json\/wp\/v2\/product\/574","targetHints":{"allow":["GET"]}}],"collection":[{"href":"https:\/\/www.coopcomin.org\/shop\/wp-json\/wp\/v2\/product"}],"about":[{"href":"https:\/\/www.coopcomin.org\/shop\/wp-json\/wp\/v2\/types\/product"}],"wp:featuredmedia":[{"embeddable":true,"href":"https:\/\/www.coopcomin.org\/shop\/wp-json\/wp\/v2\/media\/575"}],"wp:attachment":[{"href":"https:\/\/www.coopcomin.org\/shop\/wp-json\/wp\/v2\/media?parent=574"}],"wp:term":[{"taxonomy":"product_brand","embeddable":true,"href":"https:\/\/www.coopcomin.org\/shop\/wp-json\/wp\/v2\/product_brand?post=574"},{"taxonomy":"product_cat","embeddable":true,"href":"https:\/\/www.coopcomin.org\/shop\/wp-json\/wp\/v2\/product_cat?post=574"},{"taxonomy":"product_tag","embeddable":true,"href":"https:\/\/www.coopcomin.org\/shop\/wp-json\/wp\/v2\/product_tag?post=574"}],"curies":[{"name":"wp","href":"https:\/\/api.w.org\/{rel}","templated":true}]}}